{"id":10653,"date":"2025-07-01T12:04:42","date_gmt":"2025-07-01T09:04:42","guid":{"rendered":"https:\/\/autod.automaailm.ee\/?post_type=product&#038;p=10653"},"modified":"2025-11-03T10:19:11","modified_gmt":"2025-11-03T08:19:11","slug":"2008-allure-hybrid-136-e-dcs6-854","status":"publish","type":"product","link":"https:\/\/autod.automaailm.ee\/en\/toode\/automaat-en\/2008-allure-hybrid-136-e-dcs6-854\/","title":{"rendered":"2008 Allure Hybrid 136 e-DCS6 854"},"content":{"rendered":"<p>Drive Assist pakett: adaptiivne p\u00fcsikiirushoidja peatumisfunktsiooniga, radariga h\u00e4dapidurduss\u00fcsteem koos jalgratturite ja jalak\u00e4ijate j\u00e4lgimisega, s\u00f5idurajal paiknemise assistent<\/p>\n<p>Safety pakett: P\u00fcsikiirushoidja ja kiiruse piiraja, t\u00e4iustatud liiklusm\u00e4rkide tuvastus, avariihoiatuss\u00fcsteem, h\u00e4dapidurduss\u00fcsteem, aktiivne reahoidmisabi, juhi t\u00e4helepanu<br \/>\nj\u00e4lgimiss\u00fcsteem (j\u00e4lgib juhi s\u00f5idustiili ja annab ohu korral hoiatussignaali)<\/p>\n<p>NAC B2: navigatsiooniseade, DAB raadio, 10&#8221; puutetundlik ekraan, 4 x USB pesa, juhtmevaba Android Auto ja Apple Carplay, Bluetooth<\/p>\n<p>V\u00f5tmevaba sissep\u00e4\u00e4s ja k\u00e4ivitus<\/p>\n<p>Soojendusega esiistmed<\/p>\n<p>T\u00e4is LED reflektor t\u00fc\u00fcpi esituled, automaatsed klaasipuhastid<\/p>\n","protected":false},"excerpt":{"rendered":"<p>Drive Assist pakett: adaptiivne p\u00fcsikiirushoidja peatumisfunktsiooniga, radariga h\u00e4dapidurduss\u00fcsteem koos jalgratturite ja jalak\u00e4ijate j\u00e4lgimisega, s\u00f5idurajal paiknemise assistent Safety pakett:&#8230;<\/p>\n","protected":false},"featured_media":10023,"template":"","meta":{"_acf_changed":false},"product_brand":[],"product_cat":[21],"product_tag":[],"asukohad":[17],"soiduki_tuubid":[43],"class_list":{"0":"post-10653","1":"product","2":"type-product","3":"status-publish","4":"has-post-thumbnail","6":"product_cat-automaat","7":"asukohad-tartu","8":"soiduki_tuubid-luukpara","10":"first","11":"instock","12":"taxable","13":"shipping-taxable","14":"purchasable","15":"product-type-simple"},"acf":[],"yoast_head":"<!-- This site is optimized with the Yoast SEO plugin v27.2 - https:\/\/yoast.com\/product\/yoast-seo-wordpress\/ -->\n<title>2008 Allure Hybrid 136 e-DCS6 854 | autod.automaailm.ee<\/title>\n<meta name=\"robots\" content=\"index, follow, max-snippet:-1, max-image-preview:large, max-video-preview:-1\" \/>\n<link rel=\"canonical\" href=\"https:\/\/autod.automaailm.ee\/en\/toode\/automaat-en\/2008-allure-hybrid-136-e-dcs6-854\/\" \/>\n<meta property=\"og:locale\" content=\"en_US\" \/>\n<meta property=\"og:type\" content=\"article\" \/>\n<meta property=\"og:title\" content=\"2008 Allure Hybrid 136 e-DCS6 854 | autod.automaailm.ee\" \/>\n<meta property=\"og:description\" content=\"Drive Assist pakett: adaptiivne p\u00fcsikiirushoidja peatumisfunktsiooniga, radariga h\u00e4dapidurduss\u00fcsteem koos jalgratturite ja jalak\u00e4ijate j\u00e4lgimisega, s\u00f5idurajal paiknemise assistent Safety pakett:...\" \/>\n<meta property=\"og:url\" content=\"https:\/\/autod.automaailm.ee\/en\/toode\/automaat-en\/2008-allure-hybrid-136-e-dcs6-854\/\" \/>\n<meta property=\"og:site_name\" content=\"autod.automaailm.ee\" \/>\n<meta property=\"article:publisher\" content=\"https:\/\/www.facebook.com\/tautomaailm\/\" \/>\n<meta property=\"article:modified_time\" content=\"2025-11-03T08:19:11+00:00\" \/>\n<meta property=\"og:image\" content=\"https:\/\/autod.automaailm.ee\/wp-content\/uploads\/2025\/03\/2008.jpg\" \/>\n\t<meta property=\"og:image:width\" content=\"1280\" \/>\n\t<meta property=\"og:image:height\" content=\"592\" \/>\n\t<meta property=\"og:image:type\" content=\"image\/jpeg\" \/>\n<meta name=\"twitter:card\" content=\"summary_large_image\" \/>\n<meta name=\"twitter:label1\" content=\"Est. reading time\" \/>\n\t<meta name=\"twitter:data1\" content=\"1 minute\" \/>\n<script type=\"application\/ld+json\" class=\"yoast-schema-graph\">{\"@context\":\"https:\/\/schema.org\",\"@graph\":[{\"@type\":\"WebPage\",\"@id\":\"https:\/\/autod.automaailm.ee\/en\/toode\/automaat-en\/2008-allure-hybrid-136-e-dcs6-854\/\",\"url\":\"https:\/\/autod.automaailm.ee\/en\/toode\/automaat-en\/2008-allure-hybrid-136-e-dcs6-854\/\",\"name\":\"2008 Allure Hybrid 136 e-DCS6 854 | autod.automaailm.ee\",\"isPartOf\":{\"@id\":\"https:\/\/autod.automaailm.ee\/#website\"},\"primaryImageOfPage\":{\"@id\":\"https:\/\/autod.automaailm.ee\/en\/toode\/automaat-en\/2008-allure-hybrid-136-e-dcs6-854\/#primaryimage\"},\"image\":{\"@id\":\"https:\/\/autod.automaailm.ee\/en\/toode\/automaat-en\/2008-allure-hybrid-136-e-dcs6-854\/#primaryimage\"},\"thumbnailUrl\":\"https:\/\/autod.automaailm.ee\/wp-content\/uploads\/2025\/03\/2008.jpg\",\"datePublished\":\"2025-07-01T09:04:42+00:00\",\"dateModified\":\"2025-11-03T08:19:11+00:00\",\"breadcrumb\":{\"@id\":\"https:\/\/autod.automaailm.ee\/en\/toode\/automaat-en\/2008-allure-hybrid-136-e-dcs6-854\/#breadcrumb\"},\"inLanguage\":\"en-US\",\"potentialAction\":[{\"@type\":\"ReadAction\",\"target\":[\"https:\/\/autod.automaailm.ee\/en\/toode\/automaat-en\/2008-allure-hybrid-136-e-dcs6-854\/\"]}]},{\"@type\":\"ImageObject\",\"inLanguage\":\"en-US\",\"@id\":\"https:\/\/autod.automaailm.ee\/en\/toode\/automaat-en\/2008-allure-hybrid-136-e-dcs6-854\/#primaryimage\",\"url\":\"https:\/\/autod.automaailm.ee\/wp-content\/uploads\/2025\/03\/2008.jpg\",\"contentUrl\":\"https:\/\/autod.automaailm.ee\/wp-content\/uploads\/2025\/03\/2008.jpg\",\"width\":1280,\"height\":592},{\"@type\":\"BreadcrumbList\",\"@id\":\"https:\/\/autod.automaailm.ee\/en\/toode\/automaat-en\/2008-allure-hybrid-136-e-dcs6-854\/#breadcrumb\",\"itemListElement\":[{\"@type\":\"ListItem\",\"position\":1,\"name\":\"Avaleht\",\"item\":\"https:\/\/autod.automaailm.ee\/en\/\"},{\"@type\":\"ListItem\",\"position\":2,\"name\":\"Carrental\",\"item\":\"https:\/\/autod.automaailm.ee\/en\/autorent-en\/\"},{\"@type\":\"ListItem\",\"position\":3,\"name\":\"Tartu\",\"item\":\"https:\/\/autod.automaailm.ee\/asukohad\/tartu\/\"},{\"@type\":\"ListItem\",\"position\":4,\"name\":\"2008 Allure Hybrid 136 e-DCS6 854\"}]},{\"@type\":\"WebSite\",\"@id\":\"https:\/\/autod.automaailm.ee\/#website\",\"url\":\"https:\/\/autod.automaailm.ee\/\",\"name\":\"autod.automaailm.ee\",\"description\":\"Autorent Valgas, Tartus, V\u00f5rus ja Kuressaares\",\"publisher\":{\"@id\":\"https:\/\/autod.automaailm.ee\/#organization\"},\"potentialAction\":[{\"@type\":\"SearchAction\",\"target\":{\"@type\":\"EntryPoint\",\"urlTemplate\":\"https:\/\/autod.automaailm.ee\/?s={search_term_string}\"},\"query-input\":{\"@type\":\"PropertyValueSpecification\",\"valueRequired\":true,\"valueName\":\"search_term_string\"}}],\"inLanguage\":\"en-US\"},{\"@type\":\"Organization\",\"@id\":\"https:\/\/autod.automaailm.ee\/#organization\",\"name\":\"Salome Tartu AS\",\"url\":\"https:\/\/autod.automaailm.ee\/\",\"logo\":{\"@type\":\"ImageObject\",\"inLanguage\":\"en-US\",\"@id\":\"https:\/\/autod.automaailm.ee\/#\/schema\/logo\/image\/\",\"url\":\"https:\/\/autod.automaailm.ee\/wp-content\/uploads\/2019\/09\/automaailm_logo_mail.png\",\"contentUrl\":\"https:\/\/autod.automaailm.ee\/wp-content\/uploads\/2019\/09\/automaailm_logo_mail.png\",\"width\":600,\"height\":100,\"caption\":\"Salome Tartu AS\"},\"image\":{\"@id\":\"https:\/\/autod.automaailm.ee\/#\/schema\/logo\/image\/\"},\"sameAs\":[\"https:\/\/www.facebook.com\/tautomaailm\/\"]}]}<\/script>\n<!-- \/ Yoast SEO plugin. -->","yoast_head_json":{"title":"2008 Allure Hybrid 136 e-DCS6 854 | autod.automaailm.ee","robots":{"index":"index","follow":"follow","max-snippet":"max-snippet:-1","max-image-preview":"max-image-preview:large","max-video-preview":"max-video-preview:-1"},"canonical":"https:\/\/autod.automaailm.ee\/en\/toode\/automaat-en\/2008-allure-hybrid-136-e-dcs6-854\/","og_locale":"en_US","og_type":"article","og_title":"2008 Allure Hybrid 136 e-DCS6 854 | autod.automaailm.ee","og_description":"Drive Assist pakett: adaptiivne p\u00fcsikiirushoidja peatumisfunktsiooniga, radariga h\u00e4dapidurduss\u00fcsteem koos jalgratturite ja jalak\u00e4ijate j\u00e4lgimisega, s\u00f5idurajal paiknemise assistent Safety pakett:...","og_url":"https:\/\/autod.automaailm.ee\/en\/toode\/automaat-en\/2008-allure-hybrid-136-e-dcs6-854\/","og_site_name":"autod.automaailm.ee","article_publisher":"https:\/\/www.facebook.com\/tautomaailm\/","article_modified_time":"2025-11-03T08:19:11+00:00","og_image":[{"width":1280,"height":592,"url":"https:\/\/autod.automaailm.ee\/wp-content\/uploads\/2025\/03\/2008.jpg","type":"image\/jpeg"}],"twitter_card":"summary_large_image","twitter_misc":{"Est. reading time":"1 minute"},"schema":{"@context":"https:\/\/schema.org","@graph":[{"@type":"WebPage","@id":"https:\/\/autod.automaailm.ee\/en\/toode\/automaat-en\/2008-allure-hybrid-136-e-dcs6-854\/","url":"https:\/\/autod.automaailm.ee\/en\/toode\/automaat-en\/2008-allure-hybrid-136-e-dcs6-854\/","name":"2008 Allure Hybrid 136 e-DCS6 854 | autod.automaailm.ee","isPartOf":{"@id":"https:\/\/autod.automaailm.ee\/#website"},"primaryImageOfPage":{"@id":"https:\/\/autod.automaailm.ee\/en\/toode\/automaat-en\/2008-allure-hybrid-136-e-dcs6-854\/#primaryimage"},"image":{"@id":"https:\/\/autod.automaailm.ee\/en\/toode\/automaat-en\/2008-allure-hybrid-136-e-dcs6-854\/#primaryimage"},"thumbnailUrl":"https:\/\/autod.automaailm.ee\/wp-content\/uploads\/2025\/03\/2008.jpg","datePublished":"2025-07-01T09:04:42+00:00","dateModified":"2025-11-03T08:19:11+00:00","breadcrumb":{"@id":"https:\/\/autod.automaailm.ee\/en\/toode\/automaat-en\/2008-allure-hybrid-136-e-dcs6-854\/#breadcrumb"},"inLanguage":"en-US","potentialAction":[{"@type":"ReadAction","target":["https:\/\/autod.automaailm.ee\/en\/toode\/automaat-en\/2008-allure-hybrid-136-e-dcs6-854\/"]}]},{"@type":"ImageObject","inLanguage":"en-US","@id":"https:\/\/autod.automaailm.ee\/en\/toode\/automaat-en\/2008-allure-hybrid-136-e-dcs6-854\/#primaryimage","url":"https:\/\/autod.automaailm.ee\/wp-content\/uploads\/2025\/03\/2008.jpg","contentUrl":"https:\/\/autod.automaailm.ee\/wp-content\/uploads\/2025\/03\/2008.jpg","width":1280,"height":592},{"@type":"BreadcrumbList","@id":"https:\/\/autod.automaailm.ee\/en\/toode\/automaat-en\/2008-allure-hybrid-136-e-dcs6-854\/#breadcrumb","itemListElement":[{"@type":"ListItem","position":1,"name":"Avaleht","item":"https:\/\/autod.automaailm.ee\/en\/"},{"@type":"ListItem","position":2,"name":"Carrental","item":"https:\/\/autod.automaailm.ee\/en\/autorent-en\/"},{"@type":"ListItem","position":3,"name":"Tartu","item":"https:\/\/autod.automaailm.ee\/asukohad\/tartu\/"},{"@type":"ListItem","position":4,"name":"2008 Allure Hybrid 136 e-DCS6 854"}]},{"@type":"WebSite","@id":"https:\/\/autod.automaailm.ee\/#website","url":"https:\/\/autod.automaailm.ee\/","name":"autod.automaailm.ee","description":"Autorent Valgas, Tartus, V\u00f5rus ja Kuressaares","publisher":{"@id":"https:\/\/autod.automaailm.ee\/#organization"},"potentialAction":[{"@type":"SearchAction","target":{"@type":"EntryPoint","urlTemplate":"https:\/\/autod.automaailm.ee\/?s={search_term_string}"},"query-input":{"@type":"PropertyValueSpecification","valueRequired":true,"valueName":"search_term_string"}}],"inLanguage":"en-US"},{"@type":"Organization","@id":"https:\/\/autod.automaailm.ee\/#organization","name":"Salome Tartu AS","url":"https:\/\/autod.automaailm.ee\/","logo":{"@type":"ImageObject","inLanguage":"en-US","@id":"https:\/\/autod.automaailm.ee\/#\/schema\/logo\/image\/","url":"https:\/\/autod.automaailm.ee\/wp-content\/uploads\/2019\/09\/automaailm_logo_mail.png","contentUrl":"https:\/\/autod.automaailm.ee\/wp-content\/uploads\/2019\/09\/automaailm_logo_mail.png","width":600,"height":100,"caption":"Salome Tartu AS"},"image":{"@id":"https:\/\/autod.automaailm.ee\/#\/schema\/logo\/image\/"},"sameAs":["https:\/\/www.facebook.com\/tautomaailm\/"]}]}},"_links":{"self":[{"href":"https:\/\/autod.automaailm.ee\/en\/wp-json\/wp\/v2\/product\/10653","targetHints":{"allow":["GET"]}}],"collection":[{"href":"https:\/\/autod.automaailm.ee\/en\/wp-json\/wp\/v2\/product"}],"about":[{"href":"https:\/\/autod.automaailm.ee\/en\/wp-json\/wp\/v2\/types\/product"}],"wp:featuredmedia":[{"embeddable":true,"href":"https:\/\/autod.automaailm.ee\/en\/wp-json\/wp\/v2\/media\/10023"}],"wp:attachment":[{"href":"https:\/\/autod.automaailm.ee\/en\/wp-json\/wp\/v2\/media?parent=10653"}],"wp:term":[{"taxonomy":"product_brand","embeddable":true,"href":"https:\/\/autod.automaailm.ee\/en\/wp-json\/wp\/v2\/product_brand?post=10653"},{"taxonomy":"product_cat","embeddable":true,"href":"https:\/\/autod.automaailm.ee\/en\/wp-json\/wp\/v2\/product_cat?post=10653"},{"taxonomy":"product_tag","embeddable":true,"href":"https:\/\/autod.automaailm.ee\/en\/wp-json\/wp\/v2\/product_tag?post=10653"},{"taxonomy":"asukohad","embeddable":true,"href":"https:\/\/autod.automaailm.ee\/en\/wp-json\/wp\/v2\/asukohad?post=10653"},{"taxonomy":"soiduki_tuubid","embeddable":true,"href":"https:\/\/autod.automaailm.ee\/en\/wp-json\/wp\/v2\/soiduki_tuubid?post=10653"}],"curies":[{"name":"wp","href":"https:\/\/api.w.org\/{rel}","templated":true}]}}