{"id":10820,"date":"2025-07-24T16:31:51","date_gmt":"2025-07-24T13:31:51","guid":{"rendered":"https:\/\/autod.automaailm.ee\/?post_type=product&#038;p=10820"},"modified":"2025-08-06T09:21:46","modified_gmt":"2025-08-06T06:21:46","slug":"citroen-c4-shine","status":"publish","type":"product","link":"https:\/\/autod.automaailm.ee\/en\/toode\/automaat-en\/citroen-c4-shine\/","title":{"rendered":"Citroen C4 SHINE 404"},"content":{"rendered":"<ul class=\"group full\">\n<li class=\"item\">liiklusm\u00e4rkide tuvastus ja kuvamine<\/li>\n<li class=\"item\">pimenurga hoiatus<\/li>\n<li class=\"item\">s\u00f5iduraja hoidmise abis\u00fcsteem<\/li>\n<li class=\"item\">p\u00fcsikiiruse hoidja (eess\u00f5itjaga distantsi hoidev)<\/li>\n<li class=\"item\">v\u00f5tmeta avamine<\/li>\n<li class=\"item\">v\u00f5tmeta k\u00e4ivitus<\/li>\n<li class=\"item\">digitaalne n\u00e4idikutepaneel<\/li>\n<li class=\"item\">Android Auto\/Apple CarPlay<\/li>\n<li class=\"item\">kaugtulede \u00fcmberl\u00fclitamise assistent<\/li>\n<li class=\"item\">p\u00e4evas\u00f5idutulede automaatne l\u00fclitus<\/li>\n<li class=\"item\">LED (tagatuled, p\u00e4evatuled, l\u00e4hituled, kaugtuled)<\/li>\n<li class=\"item\">start-stopp s\u00fcsteem<\/li>\n<li class=\"item\">2x istmesoojendused<\/li>\n<li class=\"item\">soojendusega rool<\/li>\n<\/ul>\n","protected":false},"excerpt":{"rendered":"<p>liiklusm\u00e4rkide tuvastus ja kuvamine pimenurga hoiatus s\u00f5iduraja hoidmise abis\u00fcsteem p\u00fcsikiiruse hoidja (eess\u00f5itjaga distantsi hoidev) v\u00f5tmeta avamine v\u00f5tmeta k\u00e4ivitus&#8230;<\/p>\n","protected":false},"featured_media":10821,"template":"","meta":{"_acf_changed":false},"product_brand":[],"product_cat":[21],"product_tag":[],"asukohad":[17],"soiduki_tuubid":[43],"class_list":{"0":"post-10820","1":"product","2":"type-product","3":"status-publish","4":"has-post-thumbnail","6":"product_cat-automaat","7":"asukohad-tartu","8":"soiduki_tuubid-luukpara","10":"first","11":"instock","12":"taxable","13":"shipping-taxable","14":"purchasable","15":"product-type-simple"},"acf":[],"yoast_head":"<!-- This site is optimized with the Yoast SEO plugin v27.2 - https:\/\/yoast.com\/product\/yoast-seo-wordpress\/ -->\n<title>Citroen C4 SHINE 404 | autod.automaailm.ee<\/title>\n<meta name=\"robots\" content=\"index, follow, max-snippet:-1, max-image-preview:large, max-video-preview:-1\" \/>\n<link rel=\"canonical\" href=\"https:\/\/autod.automaailm.ee\/en\/toode\/automaat-en\/citroen-c4-shine\/\" \/>\n<meta property=\"og:locale\" content=\"en_US\" \/>\n<meta property=\"og:type\" content=\"article\" \/>\n<meta property=\"og:title\" content=\"Citroen C4 SHINE 404 | autod.automaailm.ee\" \/>\n<meta property=\"og:description\" content=\"liiklusm\u00e4rkide tuvastus ja kuvamine pimenurga hoiatus s\u00f5iduraja hoidmise abis\u00fcsteem p\u00fcsikiiruse hoidja (eess\u00f5itjaga distantsi hoidev) v\u00f5tmeta avamine v\u00f5tmeta k\u00e4ivitus...\" \/>\n<meta property=\"og:url\" content=\"https:\/\/autod.automaailm.ee\/en\/toode\/automaat-en\/citroen-c4-shine\/\" \/>\n<meta property=\"og:site_name\" content=\"autod.automaailm.ee\" \/>\n<meta property=\"article:publisher\" content=\"https:\/\/www.facebook.com\/tautomaailm\/\" \/>\n<meta property=\"article:modified_time\" content=\"2025-08-06T06:21:46+00:00\" \/>\n<meta property=\"og:image\" content=\"https:\/\/autod.automaailm.ee\/wp-content\/uploads\/2025\/07\/741104_66a9ec1897a68v7.webp\" \/>\n\t<meta property=\"og:image:width\" content=\"480\" \/>\n\t<meta property=\"og:image:height\" content=\"320\" \/>\n\t<meta property=\"og:image:type\" content=\"image\/webp\" \/>\n<meta name=\"twitter:card\" content=\"summary_large_image\" \/>\n<meta name=\"twitter:label1\" content=\"Est. reading time\" \/>\n\t<meta name=\"twitter:data1\" content=\"1 minute\" \/>\n<script type=\"application\/ld+json\" class=\"yoast-schema-graph\">{\"@context\":\"https:\/\/schema.org\",\"@graph\":[{\"@type\":\"WebPage\",\"@id\":\"https:\/\/autod.automaailm.ee\/en\/toode\/automaat-en\/citroen-c4-shine\/\",\"url\":\"https:\/\/autod.automaailm.ee\/en\/toode\/automaat-en\/citroen-c4-shine\/\",\"name\":\"Citroen C4 SHINE 404 | autod.automaailm.ee\",\"isPartOf\":{\"@id\":\"https:\/\/autod.automaailm.ee\/#website\"},\"primaryImageOfPage\":{\"@id\":\"https:\/\/autod.automaailm.ee\/en\/toode\/automaat-en\/citroen-c4-shine\/#primaryimage\"},\"image\":{\"@id\":\"https:\/\/autod.automaailm.ee\/en\/toode\/automaat-en\/citroen-c4-shine\/#primaryimage\"},\"thumbnailUrl\":\"https:\/\/autod.automaailm.ee\/wp-content\/uploads\/2025\/07\/741104_66a9ec1897a68v7.webp\",\"datePublished\":\"2025-07-24T13:31:51+00:00\",\"dateModified\":\"2025-08-06T06:21:46+00:00\",\"breadcrumb\":{\"@id\":\"https:\/\/autod.automaailm.ee\/en\/toode\/automaat-en\/citroen-c4-shine\/#breadcrumb\"},\"inLanguage\":\"en-US\",\"potentialAction\":[{\"@type\":\"ReadAction\",\"target\":[\"https:\/\/autod.automaailm.ee\/en\/toode\/automaat-en\/citroen-c4-shine\/\"]}]},{\"@type\":\"ImageObject\",\"inLanguage\":\"en-US\",\"@id\":\"https:\/\/autod.automaailm.ee\/en\/toode\/automaat-en\/citroen-c4-shine\/#primaryimage\",\"url\":\"https:\/\/autod.automaailm.ee\/wp-content\/uploads\/2025\/07\/741104_66a9ec1897a68v7.webp\",\"contentUrl\":\"https:\/\/autod.automaailm.ee\/wp-content\/uploads\/2025\/07\/741104_66a9ec1897a68v7.webp\",\"width\":480,\"height\":320},{\"@type\":\"BreadcrumbList\",\"@id\":\"https:\/\/autod.automaailm.ee\/en\/toode\/automaat-en\/citroen-c4-shine\/#breadcrumb\",\"itemListElement\":[{\"@type\":\"ListItem\",\"position\":1,\"name\":\"Avaleht\",\"item\":\"https:\/\/autod.automaailm.ee\/en\/\"},{\"@type\":\"ListItem\",\"position\":2,\"name\":\"Carrental\",\"item\":\"https:\/\/autod.automaailm.ee\/en\/autorent-en\/\"},{\"@type\":\"ListItem\",\"position\":3,\"name\":\"Tartu\",\"item\":\"https:\/\/autod.automaailm.ee\/asukohad\/tartu\/\"},{\"@type\":\"ListItem\",\"position\":4,\"name\":\"Citroen C4 SHINE 404\"}]},{\"@type\":\"WebSite\",\"@id\":\"https:\/\/autod.automaailm.ee\/#website\",\"url\":\"https:\/\/autod.automaailm.ee\/\",\"name\":\"autod.automaailm.ee\",\"description\":\"Autorent Valgas, Tartus, V\u00f5rus ja Kuressaares\",\"publisher\":{\"@id\":\"https:\/\/autod.automaailm.ee\/#organization\"},\"potentialAction\":[{\"@type\":\"SearchAction\",\"target\":{\"@type\":\"EntryPoint\",\"urlTemplate\":\"https:\/\/autod.automaailm.ee\/?s={search_term_string}\"},\"query-input\":{\"@type\":\"PropertyValueSpecification\",\"valueRequired\":true,\"valueName\":\"search_term_string\"}}],\"inLanguage\":\"en-US\"},{\"@type\":\"Organization\",\"@id\":\"https:\/\/autod.automaailm.ee\/#organization\",\"name\":\"Salome Tartu AS\",\"url\":\"https:\/\/autod.automaailm.ee\/\",\"logo\":{\"@type\":\"ImageObject\",\"inLanguage\":\"en-US\",\"@id\":\"https:\/\/autod.automaailm.ee\/#\/schema\/logo\/image\/\",\"url\":\"https:\/\/autod.automaailm.ee\/wp-content\/uploads\/2019\/09\/automaailm_logo_mail.png\",\"contentUrl\":\"https:\/\/autod.automaailm.ee\/wp-content\/uploads\/2019\/09\/automaailm_logo_mail.png\",\"width\":600,\"height\":100,\"caption\":\"Salome Tartu AS\"},\"image\":{\"@id\":\"https:\/\/autod.automaailm.ee\/#\/schema\/logo\/image\/\"},\"sameAs\":[\"https:\/\/www.facebook.com\/tautomaailm\/\"]}]}<\/script>\n<!-- \/ Yoast SEO plugin. -->","yoast_head_json":{"title":"Citroen C4 SHINE 404 | autod.automaailm.ee","robots":{"index":"index","follow":"follow","max-snippet":"max-snippet:-1","max-image-preview":"max-image-preview:large","max-video-preview":"max-video-preview:-1"},"canonical":"https:\/\/autod.automaailm.ee\/en\/toode\/automaat-en\/citroen-c4-shine\/","og_locale":"en_US","og_type":"article","og_title":"Citroen C4 SHINE 404 | autod.automaailm.ee","og_description":"liiklusm\u00e4rkide tuvastus ja kuvamine pimenurga hoiatus s\u00f5iduraja hoidmise abis\u00fcsteem p\u00fcsikiiruse hoidja (eess\u00f5itjaga distantsi hoidev) v\u00f5tmeta avamine v\u00f5tmeta k\u00e4ivitus...","og_url":"https:\/\/autod.automaailm.ee\/en\/toode\/automaat-en\/citroen-c4-shine\/","og_site_name":"autod.automaailm.ee","article_publisher":"https:\/\/www.facebook.com\/tautomaailm\/","article_modified_time":"2025-08-06T06:21:46+00:00","og_image":[{"width":480,"height":320,"url":"https:\/\/autod.automaailm.ee\/wp-content\/uploads\/2025\/07\/741104_66a9ec1897a68v7.webp","type":"image\/webp"}],"twitter_card":"summary_large_image","twitter_misc":{"Est. reading time":"1 minute"},"schema":{"@context":"https:\/\/schema.org","@graph":[{"@type":"WebPage","@id":"https:\/\/autod.automaailm.ee\/en\/toode\/automaat-en\/citroen-c4-shine\/","url":"https:\/\/autod.automaailm.ee\/en\/toode\/automaat-en\/citroen-c4-shine\/","name":"Citroen C4 SHINE 404 | autod.automaailm.ee","isPartOf":{"@id":"https:\/\/autod.automaailm.ee\/#website"},"primaryImageOfPage":{"@id":"https:\/\/autod.automaailm.ee\/en\/toode\/automaat-en\/citroen-c4-shine\/#primaryimage"},"image":{"@id":"https:\/\/autod.automaailm.ee\/en\/toode\/automaat-en\/citroen-c4-shine\/#primaryimage"},"thumbnailUrl":"https:\/\/autod.automaailm.ee\/wp-content\/uploads\/2025\/07\/741104_66a9ec1897a68v7.webp","datePublished":"2025-07-24T13:31:51+00:00","dateModified":"2025-08-06T06:21:46+00:00","breadcrumb":{"@id":"https:\/\/autod.automaailm.ee\/en\/toode\/automaat-en\/citroen-c4-shine\/#breadcrumb"},"inLanguage":"en-US","potentialAction":[{"@type":"ReadAction","target":["https:\/\/autod.automaailm.ee\/en\/toode\/automaat-en\/citroen-c4-shine\/"]}]},{"@type":"ImageObject","inLanguage":"en-US","@id":"https:\/\/autod.automaailm.ee\/en\/toode\/automaat-en\/citroen-c4-shine\/#primaryimage","url":"https:\/\/autod.automaailm.ee\/wp-content\/uploads\/2025\/07\/741104_66a9ec1897a68v7.webp","contentUrl":"https:\/\/autod.automaailm.ee\/wp-content\/uploads\/2025\/07\/741104_66a9ec1897a68v7.webp","width":480,"height":320},{"@type":"BreadcrumbList","@id":"https:\/\/autod.automaailm.ee\/en\/toode\/automaat-en\/citroen-c4-shine\/#breadcrumb","itemListElement":[{"@type":"ListItem","position":1,"name":"Avaleht","item":"https:\/\/autod.automaailm.ee\/en\/"},{"@type":"ListItem","position":2,"name":"Carrental","item":"https:\/\/autod.automaailm.ee\/en\/autorent-en\/"},{"@type":"ListItem","position":3,"name":"Tartu","item":"https:\/\/autod.automaailm.ee\/asukohad\/tartu\/"},{"@type":"ListItem","position":4,"name":"Citroen C4 SHINE 404"}]},{"@type":"WebSite","@id":"https:\/\/autod.automaailm.ee\/#website","url":"https:\/\/autod.automaailm.ee\/","name":"autod.automaailm.ee","description":"Autorent Valgas, Tartus, V\u00f5rus ja Kuressaares","publisher":{"@id":"https:\/\/autod.automaailm.ee\/#organization"},"potentialAction":[{"@type":"SearchAction","target":{"@type":"EntryPoint","urlTemplate":"https:\/\/autod.automaailm.ee\/?s={search_term_string}"},"query-input":{"@type":"PropertyValueSpecification","valueRequired":true,"valueName":"search_term_string"}}],"inLanguage":"en-US"},{"@type":"Organization","@id":"https:\/\/autod.automaailm.ee\/#organization","name":"Salome Tartu AS","url":"https:\/\/autod.automaailm.ee\/","logo":{"@type":"ImageObject","inLanguage":"en-US","@id":"https:\/\/autod.automaailm.ee\/#\/schema\/logo\/image\/","url":"https:\/\/autod.automaailm.ee\/wp-content\/uploads\/2019\/09\/automaailm_logo_mail.png","contentUrl":"https:\/\/autod.automaailm.ee\/wp-content\/uploads\/2019\/09\/automaailm_logo_mail.png","width":600,"height":100,"caption":"Salome Tartu AS"},"image":{"@id":"https:\/\/autod.automaailm.ee\/#\/schema\/logo\/image\/"},"sameAs":["https:\/\/www.facebook.com\/tautomaailm\/"]}]}},"_links":{"self":[{"href":"https:\/\/autod.automaailm.ee\/en\/wp-json\/wp\/v2\/product\/10820","targetHints":{"allow":["GET"]}}],"collection":[{"href":"https:\/\/autod.automaailm.ee\/en\/wp-json\/wp\/v2\/product"}],"about":[{"href":"https:\/\/autod.automaailm.ee\/en\/wp-json\/wp\/v2\/types\/product"}],"wp:featuredmedia":[{"embeddable":true,"href":"https:\/\/autod.automaailm.ee\/en\/wp-json\/wp\/v2\/media\/10821"}],"wp:attachment":[{"href":"https:\/\/autod.automaailm.ee\/en\/wp-json\/wp\/v2\/media?parent=10820"}],"wp:term":[{"taxonomy":"product_brand","embeddable":true,"href":"https:\/\/autod.automaailm.ee\/en\/wp-json\/wp\/v2\/product_brand?post=10820"},{"taxonomy":"product_cat","embeddable":true,"href":"https:\/\/autod.automaailm.ee\/en\/wp-json\/wp\/v2\/product_cat?post=10820"},{"taxonomy":"product_tag","embeddable":true,"href":"https:\/\/autod.automaailm.ee\/en\/wp-json\/wp\/v2\/product_tag?post=10820"},{"taxonomy":"asukohad","embeddable":true,"href":"https:\/\/autod.automaailm.ee\/en\/wp-json\/wp\/v2\/asukohad?post=10820"},{"taxonomy":"soiduki_tuubid","embeddable":true,"href":"https:\/\/autod.automaailm.ee\/en\/wp-json\/wp\/v2\/soiduki_tuubid?post=10820"}],"curies":[{"name":"wp","href":"https:\/\/api.w.org\/{rel}","templated":true}]}}